{"id":1024,"date":"2022-04-07T08:44:28","date_gmt":"2022-04-07T08:44:28","guid":{"rendered":"https:\/\/www.online-event.io\/?page_id=1024"},"modified":"2022-04-07T08:45:47","modified_gmt":"2022-04-07T08:45:47","slug":"politique-de-traitement-des-donnees-personnelles","status":"publish","type":"page","link":"https:\/\/www.online-event.io\/fr\/politique-de-traitement-des-donnees-personnelles\/","title":{"rendered":"Politique de traitement des donn\u00e9es personnelles"},"content":{"rendered":"<p>La collecte et le traitement des \u00ab\u00a0Donn\u00e9es Personnelles\u00a0\u00bb (telles que d\u00e9finies par les textes vis\u00e9s ci-apr\u00e8s) effectu\u00e9s \u00e0 partir du site\u00a0<a href=\"https:\/\/www.online-event.io\">https:\/\/www.online-event.io<\/a>\u00a0ou dans le cadre de nos relations commerciales, sont faits en application du r\u00e8glement g\u00e9n\u00e9ral sur la protection des donn\u00e9es (RGPD) et de la loi Informatique et Libert\u00e9s.<\/p>\n<p>Au sens de ces textes, le \u00ab responsable de traitement \u00bb des Donn\u00e9es Personnelles des utilisateurs du site\u00a0<a href=\"https:\/\/www.online-event.io\">https:\/\/www.online-event.io<\/a> est : ONLINE EVENT (cf. <a href=\"https:\/\/www.online-event.io\/fr\/politique-de-confidentialite-2\/\">mentions l\u00e9gales<\/a>).<\/p>\n<p>Pour toute question ou exercice de vos droits \u00ab Informatique et Libert\u00e9s \u00bb sur les traitements de vos donn\u00e9es personnelles par ONLINE EVENT vous pouvez nous \u00e9crire :<\/p>\n<ul>\n<li>Par mail \u00e0 l\u2019adresse suivante :<\/li>\n<\/ul>\n<p><a href=\"mailto:contact@online-event.fr\" target=\"_blank\" rel=\"noopener\">contact@online-event.fr<\/a><\/p>\n<ul>\n<li>par courrier sign\u00e9 \u00e0 l\u2019adresse suivante :<\/li>\n<\/ul>\n<p>SAS ONLINE EVENT<\/p>\n<p data-pm-slice=\"1 1 []\">42 Rue de la Lib\u00e9ration, 91680 Bruy\u00e8res-le-Ch\u00e2tel<\/p>\n<p>Un justificatif d\u2019identit\u00e9 pourra vous \u00eatre demand\u00e9.<\/p>\n<h2>Donn\u00e9es personnelles collect\u00e9es<\/h2>\n<h4><strong>Celles que vous communiquez \u00e0 Online Event<\/strong><\/h4>\n<p>Online Event collecte les Donn\u00e9es Personnelles des internautes qui souhaitent :<\/p>\n<ul>\n<li>en savoir plus sur nos activit\u00e9s (via le formulaire de contact),<\/li>\n<li>recevoir nos actualit\u00e9s (newsletter),<\/li>\n<li>postuler aux offres d\u2019emploi mis en ligne sur le Site.<\/li>\n<\/ul>\n<p>ce qui implique le traitement de Donn\u00e9es Personnelles comme pr\u00e9sent\u00e9 dans le tableau r\u00e9capitulatif ci-apr\u00e8s.<\/p>\n<p>Online Event collecte \u00e9galement des Donn\u00e9es Personnelles dans le cadre de ses activit\u00e9s et en dehors du Site :<\/p>\n<ul>\n<li>aupr\u00e8s de ses contacts clients,<\/li>\n<li>aupr\u00e8s de contacts de partenaires, fournisseurs et autres contacts professionnels,<\/li>\n<li>aupr\u00e8s de contacts qu\u2019elle identifie pour une \u00e9ventuelle collaboration (prospects, partenaires, fournisseurs, autres\u2026)<\/li>\n<\/ul>\n<h4><strong>Celles collect\u00e9es automatiquement sur le Site<\/strong><\/h4>\n<p>Certaines donn\u00e9es personnelles sont recueillies automatiquement il s\u2019agit de :<\/p>\n<ul>\n<li>L\u2019adresse IP de votre ordinateur ;<\/li>\n<li>Les informations relatives \u00e0 votre ordinateur, votre mode de connexion, tel que le type et la version de votre navigateur internet, votre syst\u00e8me d\u2019exploitation, l\u2019OS de votre mobile ou tablette, ainsi que l\u2019identifiant de p\u00e9riph\u00e9rique unique (\u00ab\u00a0UDID\u00a0\u00bb) et d\u2019autres identifiants techniques;<\/li>\n<li>L\u2019adresse URL de vos connexions, y compris la date et l\u2019heure, ainsi que le contenu auquel vous acc\u00e9dez sur le Produit ou Service ;<\/li>\n<\/ul>\n<p>Nous pouvons utiliser et communiquer ces donn\u00e9es pour personnaliser le contenu que vous recevez via notre newsletter et vous contacter en cas de t\u00e9l\u00e9chargement de l\u2019un de nos documents via un de nos formulaires. Nous vous informons par ailleurs que nous pouvons \u00e9galement utiliser les donn\u00e9es collect\u00e9es automatiquement de mani\u00e8re agr\u00e9g\u00e9e pour des finalit\u00e9s diverses pour autant que lesdites donn\u00e9es ne permettent pas de vous identifier personnellement : ces donn\u00e9es agr\u00e9g\u00e9es ne seront pas consid\u00e9r\u00e9es comme donn\u00e9es personnelles.<\/p>\n<h4>Utilisation des Donn\u00e9es Personnelles<\/h4>\n<ul>\n<li>a) Finalit\u00e9s de la collecte et du traitement de vos Donn\u00e9es Personnelles<\/li>\n<\/ul>\n<p>Les Donn\u00e9es Personnelles des Utilisateurs sont collect\u00e9es et trait\u00e9es selon les finalit\u00e9s d\u00e9finies dans le tableau ci-apr\u00e8s.<\/p>\n<p>Toute utilisation de Donn\u00e9es Personnelles dans un but autre que ceux expos\u00e9s dans la synth\u00e8se et selon les cas\u00a0: sur la base de votre consentement, en ex\u00e9cution d\u2019un contrat, en ex\u00e9cution d\u2019obligations l\u00e9gales dans le cadre de notre int\u00e9r\u00eat l\u00e9gitime, n\u00e9cessitera votre accord pr\u00e9alable expr\u00e8s.<\/p>\n<ul>\n<li>b) Dur\u00e9e de conservation de vos Donn\u00e9es Personnelles<\/li>\n<\/ul>\n<p>Online Event conserve les Donn\u00e9es Personnelles uniquement pendant la dur\u00e9e n\u00e9cessaire au(x) traitement(s) selon les finalit\u00e9s pr\u00e9cit\u00e9es d\u00e9finies dans le tableau ci-apr\u00e8s. Lorsque vos donn\u00e9es sont collect\u00e9es sur la base de votre consentement, nous les utilisons jusqu\u2019\u00e0 ce que vous retiriez votre consentement. A partir du retrait de votre consentement, vos donn\u00e9es sont conserv\u00e9es pendant la dur\u00e9e minimale n\u00e9cessaire pour accomplir les mesures techniques n\u00e9cessaires \u00e0 la suppression.<\/p>\n<p>A l\u2019issue de ces dur\u00e9es respectives vos Donn\u00e9es Personnelles sont d\u00e9sactiv\u00e9es de nos bases actives de donn\u00e9es.<\/p>\n<h4>Partage d\u2019informations<\/h4>\n<p>Acc\u00e8s aux donn\u00e9es personnelles<\/p>\n<p>Peuvent avoir acc\u00e8s aux Donn\u00e9es Personnelles collect\u00e9es, dans la limite de leurs attributions respectives :<\/p>\n<ul>\n<li>les personnes charg\u00e9es du service marketing et commercial, des services administratifs, des services informatiques et leurs responsables hi\u00e9rarchiques<\/li>\n<li>les sous-traitants, dans le cadre d\u2019un contrat de sous-traitance, incluant des obligations de confidentialit\u00e9 et de s\u00e9curit\u00e9.<\/li>\n<\/ul>\n<h5>Partage des donn\u00e9es personnelles et transferts internationaux<\/h5>\n<p>Online Event est un prestataire technique dont les processus commerciaux, les structures administratives et les syst\u00e8mes techniques franchissent les fronti\u00e8res nationales et europ\u00e9ennes. Les Donn\u00e9es Personnelles collect\u00e9es sont donc susceptibles d\u2019\u00eatre consult\u00e9es et utilis\u00e9es en dehors de l\u2019Union europ\u00e9enne, au sein de Online Event, dans le respect des r\u00e8gles applicables \u00e0 Online Event, de confidentialit\u00e9 et de s\u00e9curit\u00e9.<\/p>\n<p>Les Donn\u00e9es Personnelles collect\u00e9es sont utilis\u00e9es par Online Event ne seront en aucun cas c\u00e9d\u00e9es, vendues \u00e0 des tiers hors du groupe sans votre accord pr\u00e9alable expr\u00e8s.<\/p>\n<h5>Communication pour des raisons d\u2019ordre juridique et l\u00e9gale<\/h5>\n<p>Les Donn\u00e9es Personnelles pourront \u00eatre divulgu\u00e9es \u00e0 un tiers si Online Event y est contrainte par la loi, une disposition r\u00e9glementaire, ou une ordonnance judiciaire, ou encore si cette divulgation est rendue n\u00e9cessaire pour les besoins d\u2019une enqu\u00eate, injonction ou d\u2019une proc\u00e9dure judiciaire, sur le territoire national ou \u00e0 l\u2019\u00e9tranger.<\/p>\n<p>Les Donn\u00e9es Personnelles pourront \u00eatre divulgu\u00e9es \u00e0 des entreprises, des conseils ou des personnes tierces afin que Online Event se pr\u00e9munisse contre toute atteinte aux droits, aux biens ou \u00e0 la s\u00e9curit\u00e9 de Online Event.<\/p>\n<h5>S\u00e9curit\u00e9 des Donn\u00e9es Personnelles<\/h5>\n<p>Des mesures de s\u00e9curit\u00e9 sont mises en \u0153uvre pour prot\u00e9ger les Donn\u00e9es Personnelles contre tout acc\u00e8s et toute divulgation, modification, endommagement ou destruction non autoris\u00e9s. Dans l\u2019hypoth\u00e8se o\u00f9 une faille de s\u00e9curit\u00e9 serait d\u00e9tect\u00e9e, les actions utiles seront prises.<\/p>\n<p>Les Donn\u00e9es Personnelles sont stock\u00e9es sur des serveurs situ\u00e9s dans l\u2019Union europ\u00e9enne.<\/p>\n<h5>Droits<\/h5>\n<p>Les personnes concern\u00e9es par les Donn\u00e9es personnelles collect\u00e9es disposent des droits suivants\u00a0:<\/p>\n<ul>\n<li>un droit d\u2019acc\u00e8s (savoir de quelles donn\u00e9es Online Event dispose),<\/li>\n<li>un droit de rectification (mettre \u00e0 jour ou corriger leurs donn\u00e9es),<\/li>\n<li>un droit de suppression des Donn\u00e9es Personnelles,<\/li>\n<li>un droit d\u2019opposition \u00e0 la collecte et au traitement de tout ou partie de celles-ci.<\/li>\n<\/ul>\n<p>Ces droits vous offrent la possibilit\u00e9 de modifier vos pr\u00e9f\u00e9rences de notification \u00e0 tout moment, en acceptant ou en refusant que vos Donn\u00e9es Personnelles soient utilis\u00e9es dans le cadre d\u2019actions de prospections commerciales.<\/p>\n<p>Pour en savoir plus sur l\u2019\u00e9tendue de vos droits, nous vous conseillons de consulter le site de la CNIL.<\/p>\n<p>Synth\u00e8se des traitements des donn\u00e9es personnelles collect\u00e9es sur le Site<\/p>\n<p>&nbsp;<\/p>\n<table width=\"1179\">\n<tbody>\n<tr>\n<td width=\"21\"><\/td>\n<td width=\"101\">Cas de collecte<\/td>\n<td width=\"170\">Donn\u00e9es collect\u00e9es<\/td>\n<td width=\"274\">Finalit\u00e9s<\/td>\n<\/tr>\n<tr>\n<td width=\"21\">1<\/td>\n<td width=\"101\">Nous contcater (via le formulaire de contact)<\/td>\n<td width=\"170\">nom, pr\u00e9nom, adresses e-mail<\/td>\n<td width=\"274\">Fournir et g\u00e9rer nos services ;Prospection commerciale<\/td>\n<\/tr>\n<tr>\n<td width=\"21\">2<\/td>\n<td width=\"101\">recevoir nos actualit\u00e9s (newsletter)<\/td>\n<td width=\"170\">Adresse e-mail<\/td>\n<td width=\"274\">Fournir et g\u00e9rer nos services ;Prospection commerciale<\/td>\n<\/tr>\n<tr>\n<td width=\"21\">3<\/td>\n<td width=\"101\">postuler aux offres d\u2019emploi mis en ligne sur le Site ou d\u00e9poser une candidature spontan\u00e9e<\/td>\n<td width=\"170\">nom, pr\u00e9nom, num\u00e9ro de t\u00e9l\u00e9phone, adresses e-mail et postale, CV, Lettre de motivation<\/td>\n<td width=\"274\">G\u00e9rer le traitement de vos candidatures<\/td>\n<\/tr>\n<tr>\n<td width=\"21\"><\/td>\n<td width=\"101\"><\/td>\n<td width=\"170\"><\/td>\n<td width=\"274\"><\/td>\n<\/tr>\n<\/tbody>\n<\/table>\n<h4><\/h4>\n<h4>\u00c9volution et mises \u00e0 jour<\/h4>\n<p>Nous attirons votre attention sur le fait que cette Politique de traitement des donn\u00e9es personnelle est susceptible de subir des modifications. Nous vous invitons donc \u00e0 consulter r\u00e9guli\u00e8rement la derni\u00e8re version en ligne et nous vous informerons via le site internet ou par les autres voies de communication des \u00e9volutions.<\/p>\n","protected":false},"excerpt":{"rendered":"<p>La collecte et le traitement des \u00ab\u00a0Donn\u00e9es Personnelles\u00a0\u00bb (telles que d\u00e9finies par les textes vis\u00e9s ci-apr\u00e8s) effectu\u00e9s \u00e0 partir du site\u00a0https:\/\/www.online-event.io\u00a0ou dans le cadre de nos relations commerciales, sont faits en application du r\u00e8glement g\u00e9n\u00e9ral sur la protection des donn\u00e9es (RGPD) et de la loi Informatique et Libert\u00e9s. Au sens de ces textes, le \u00ab [&hellip;]<\/p>\n","protected":false},"author":2,"featured_media":0,"parent":0,"menu_order":0,"comment_status":"closed","ping_status":"closed","template":"","meta":{"_acf_changed":false,"inline_featured_image":false,"footnotes":""},"class_list":["post-1024","page","type-page","status-publish","hentry"],"acf":[],"_links":{"self":[{"href":"https:\/\/www.online-event.io\/fr\/wp-json\/wp\/v2\/pages\/1024","targetHints":{"allow":["GET"]}}],"collection":[{"href":"https:\/\/www.online-event.io\/fr\/wp-json\/wp\/v2\/pages"}],"about":[{"href":"https:\/\/www.online-event.io\/fr\/wp-json\/wp\/v2\/types\/page"}],"author":[{"embeddable":true,"href":"https:\/\/www.online-event.io\/fr\/wp-json\/wp\/v2\/users\/2"}],"replies":[{"embeddable":true,"href":"https:\/\/www.online-event.io\/fr\/wp-json\/wp\/v2\/comments?post=1024"}],"version-history":[{"count":3,"href":"https:\/\/www.online-event.io\/fr\/wp-json\/wp\/v2\/pages\/1024\/revisions"}],"predecessor-version":[{"id":1030,"href":"https:\/\/www.online-event.io\/fr\/wp-json\/wp\/v2\/pages\/1024\/revisions\/1030"}],"wp:attachment":[{"href":"https:\/\/www.online-event.io\/fr\/wp-json\/wp\/v2\/media?parent=1024"}],"curies":[{"name":"wp","href":"https:\/\/api.w.org\/{rel}","templated":true}]}}